{"id":657,"date":"2015-09-28T15:29:03","date_gmt":"2015-09-28T14:29:03","guid":{"rendered":"http:\/\/www.espacedanseboissy.fr\/blog\/?page_id=657"},"modified":"2021-09-14T21:11:59","modified_gmt":"2021-09-14T20:11:59","slug":"groupe-demo","status":"publish","type":"page","link":"https:\/\/www.espacedanseboissy.fr\/blog\/?page_id=657","title":{"rendered":"Groupe Demo"},"content":{"rendered":"<p>Ce cours est ouvert \u00e0 tous \u00e0 partir d&rsquo;un an de danse country minimum. Il se passe au forum de boissy Saint L\u00e9ger dans la salle de danse de 20h \u00e0 21h.30<\/p>\n<p>Vous serez cordialement recu(e)s.<\/p>\n\n\n<p><\/p>\n","protected":false},"excerpt":{"rendered":"<p>Ce cours est ouvert \u00e0 tous \u00e0 partir d&rsquo;un an de danse country minimum. Il se passe au forum de boissy Saint L\u00e9ger dans la salle de danse de 20h \u00e0 21h.30 Vous serez cordialement recu(e)s.<\/p>\n","protected":false},"author":3,"featured_media":0,"parent":0,"menu_order":0,"comment_status":"open","ping_status":"open","template":"","meta":[],"_links":{"self":[{"href":"https:\/\/www.espacedanseboissy.fr\/blog\/index.php?rest_route=\/wp\/v2\/pages\/657"}],"collection":[{"href":"https:\/\/www.espacedanseboissy.fr\/blog\/index.php?rest_route=\/wp\/v2\/pages"}],"about":[{"href":"https:\/\/www.espacedanseboissy.fr\/blog\/index.php?rest_route=\/wp\/v2\/types\/page"}],"author":[{"embeddable":true,"href":"https:\/\/www.espacedanseboissy.fr\/blog\/index.php?rest_route=\/wp\/v2\/users\/3"}],"replies":[{"embeddable":true,"href":"https:\/\/www.espacedanseboissy.fr\/blog\/index.php?rest_route=%2Fwp%2Fv2%2Fcomments&post=657"}],"version-history":[{"count":4,"href":"https:\/\/www.espacedanseboissy.fr\/blog\/index.php?rest_route=\/wp\/v2\/pages\/657\/revisions"}],"predecessor-version":[{"id":1692,"href":"https:\/\/www.espacedanseboissy.fr\/blog\/index.php?rest_route=\/wp\/v2\/pages\/657\/revisions\/1692"}],"wp:attachment":[{"href":"https:\/\/www.espacedanseboissy.fr\/blog\/index.php?rest_route=%2Fwp%2Fv2%2Fmedia&parent=657"}],"curies":[{"name":"wp","href":"https:\/\/api.w.org\/{rel}","templated":true}]}}