{"id":577,"date":"2015-04-30T19:22:30","date_gmt":"2015-04-30T18:22:30","guid":{"rendered":"http:\/\/www.espacedanseboissy.fr\/blog\/?page_id=577"},"modified":"2021-09-14T21:17:59","modified_gmt":"2021-09-14T20:17:59","slug":"reprise-des-cours","status":"publish","type":"page","link":"https:\/\/www.espacedanseboissy.fr\/blog\/?page_id=577","title":{"rendered":"Reprise des cours"},"content":{"rendered":"<p><strong><span style=\"text-decoration: underline;\">Country<\/span><\/strong><\/p>\n<p>Les cours de country ont commenc\u00e9 le 6 septembre 2021 au centre a\u00e9r\u00e9 de Boissy saint L\u00e9ger \u00e0 partir de 19H.<\/p>\n<p><span style=\"text-decoration: underline;\"><strong>Sophrologie<\/strong><\/span><\/p>\n<p>Les s\u00e9ances de sophrologie ont commenc\u00e9 le 15 septembre 2021 au centre a\u00e9r\u00e9 de Boissy Saint l\u00e9ger\u00a0 \u00e0 19h30<\/p>\n","protected":false},"excerpt":{"rendered":"<p>Country Les cours de country ont commenc\u00e9 le 6 septembre 2021 au centre a\u00e9r\u00e9 de Boissy saint L\u00e9ger \u00e0 partir de 19H. Sophrologie Les s\u00e9ances de sophrologie ont commenc\u00e9 le 15 septembre 2021 au centre a\u00e9r\u00e9 de Boissy Saint l\u00e9ger\u00a0<span class=\"ellipsis\">&hellip;<\/span><\/p>\n<div class=\"read-more\"><a href=\"https:\/\/www.espacedanseboissy.fr\/blog\/?page_id=577\">Lire la suite &#8250;<\/a><\/div>\n<p><!-- end of .read-more --><\/p>\n","protected":false},"author":3,"featured_media":0,"parent":0,"menu_order":0,"comment_status":"open","ping_status":"open","template":"","meta":[],"_links":{"self":[{"href":"https:\/\/www.espacedanseboissy.fr\/blog\/index.php?rest_route=\/wp\/v2\/pages\/577"}],"collection":[{"href":"https:\/\/www.espacedanseboissy.fr\/blog\/index.php?rest_route=\/wp\/v2\/pages"}],"about":[{"href":"https:\/\/www.espacedanseboissy.fr\/blog\/index.php?rest_route=\/wp\/v2\/types\/page"}],"author":[{"embeddable":true,"href":"https:\/\/www.espacedanseboissy.fr\/blog\/index.php?rest_route=\/wp\/v2\/users\/3"}],"replies":[{"embeddable":true,"href":"https:\/\/www.espacedanseboissy.fr\/blog\/index.php?rest_route=%2Fwp%2Fv2%2Fcomments&post=577"}],"version-history":[{"count":6,"href":"https:\/\/www.espacedanseboissy.fr\/blog\/index.php?rest_route=\/wp\/v2\/pages\/577\/revisions"}],"predecessor-version":[{"id":1695,"href":"https:\/\/www.espacedanseboissy.fr\/blog\/index.php?rest_route=\/wp\/v2\/pages\/577\/revisions\/1695"}],"wp:attachment":[{"href":"https:\/\/www.espacedanseboissy.fr\/blog\/index.php?rest_route=%2Fwp%2Fv2%2Fmedia&parent=577"}],"curies":[{"name":"wp","href":"https:\/\/api.w.org\/{rel}","templated":true}]}}