{"id":2,"date":"2013-06-06T13:59:47","date_gmt":"2013-06-06T13:59:47","guid":{"rendered":"http:\/\/www.espacedanseboissy.fr\/blog\/?page_id=2"},"modified":"2024-10-21T12:22:09","modified_gmt":"2024-10-21T11:22:09","slug":"page-d-exemple","status":"publish","type":"page","link":"https:\/\/www.espacedanseboissy.fr\/blog\/?page_id=2","title":{"rendered":"Infos"},"content":{"rendered":"<p>Espace Danse\u00a0est une association loi 1901 dont le si\u00e8ge se situe \u00e0 la mairie:<\/p>\n<p><span style=\"text-decoration: underline;\">Mairie de Boissy-st-l\u00e9ger:<\/span><br \/>\n7 bd L\u00e9on REVILLON<br \/>\n94470 BOISSY ST LEGER<\/p>\n<p><span style=\"text-decoration: underline;\">Adresse de l&rsquo;association:<\/span><br \/>\n<strong>Espace Danse<\/strong><br \/>\nDanielle BOSC<br \/>\n8 avenue Michel Goutier<br \/>\n94380\u00a0Bonneuil sur Marne<\/p>\n<p><span style=\"text-decoration: underline;\">Les membres du bureau:<\/span><\/p>\n<ul>\n<li>Pr\u00e9sidente: Danielle BOSC<\/li>\n<li>Secr\u00e9taire: Solange LABORDE<\/li>\n<\/ul>\n<p>Ses activit\u00e9s actuellement:<\/p>\n<ul>\n<li>Danse country western<\/li>\n<li>Sophrologie<\/li>\n<\/ul>\n<p>Contacts :<\/p>\n<p>&#8211; Danielle BOSC: 09.52.53.95.15 ou 06.87.07.21.35.<br \/>\n&#8211; Solange LABORDE: 06.82.29.43.69<\/p>\n","protected":false},"excerpt":{"rendered":"<p>Espace Danse\u00a0est une association loi 1901 dont le si\u00e8ge se situe \u00e0 la mairie: Mairie de Boissy-st-l\u00e9ger: 7 bd L\u00e9on REVILLON 94470 BOISSY ST LEGER Adresse de l&rsquo;association: Espace Danse Danielle BOSC 8 avenue Michel Goutier 94380\u00a0Bonneuil sur Marne Les<span class=\"ellipsis\">&hellip;<\/span><\/p>\n<div class=\"read-more\"><a href=\"https:\/\/www.espacedanseboissy.fr\/blog\/?page_id=2\">Lire la suite &#8250;<\/a><\/div>\n<p><!-- end of .read-more --><\/p>\n","protected":false},"author":1,"featured_media":0,"parent":0,"menu_order":0,"comment_status":"open","ping_status":"open","template":"","meta":[],"_links":{"self":[{"href":"https:\/\/www.espacedanseboissy.fr\/blog\/index.php?rest_route=\/wp\/v2\/pages\/2"}],"collection":[{"href":"https:\/\/www.espacedanseboissy.fr\/blog\/index.php?rest_route=\/wp\/v2\/pages"}],"about":[{"href":"https:\/\/www.espacedanseboissy.fr\/blog\/index.php?rest_route=\/wp\/v2\/types\/page"}],"author":[{"embeddable":true,"href":"https:\/\/www.espacedanseboissy.fr\/blog\/index.php?rest_route=\/wp\/v2\/users\/1"}],"replies":[{"embeddable":true,"href":"https:\/\/www.espacedanseboissy.fr\/blog\/index.php?rest_route=%2Fwp%2Fv2%2Fcomments&post=2"}],"version-history":[{"count":11,"href":"https:\/\/www.espacedanseboissy.fr\/blog\/index.php?rest_route=\/wp\/v2\/pages\/2\/revisions"}],"predecessor-version":[{"id":2384,"href":"https:\/\/www.espacedanseboissy.fr\/blog\/index.php?rest_route=\/wp\/v2\/pages\/2\/revisions\/2384"}],"wp:attachment":[{"href":"https:\/\/www.espacedanseboissy.fr\/blog\/index.php?rest_route=%2Fwp%2Fv2%2Fmedia&parent=2"}],"curies":[{"name":"wp","href":"https:\/\/api.w.org\/{rel}","templated":true}]}}