{"id":158,"date":"2013-09-14T17:35:28","date_gmt":"2013-09-14T16:35:28","guid":{"rendered":"http:\/\/www.espacedanseboissy.fr\/blog\/?page_id=158"},"modified":"2024-10-21T12:19:44","modified_gmt":"2024-10-21T11:19:44","slug":"country","status":"publish","type":"page","link":"https:\/\/www.espacedanseboissy.fr\/blog\/?page_id=158","title":{"rendered":"Country"},"content":{"rendered":"<p>Les cours de country ont lieu au centre a\u00e9r\u00e9 de Boissy Saint L\u00e9ger : 154 rue de Marolles Boissy Saint l\u00e9ger tous les lundis de 19H \u00e0 21H30<br \/>D\u00e9butants : 19h \u00e0 20h.<br \/>Interm\u00e9diaires : 20H \u00e0 21H30<\/p>\n<p>Les cours sont enseign\u00e9s par Chantal MONTI<br \/>Cours d&rsquo;essai gratuit.<\/p>\n<p>Les danses enseign\u00e9es le lundi se trouvent aux articles cours du lundi et \u00e0 la date du cours.<\/p>\n<p>Toutes les chor\u00e9graphies des danses se trouvent dans les pages saison (exemple : saisons 2024-2025) .<\/p>\n<p>Elles sont \u00e0 cot\u00e9 de la danse sous forme de lien. Il suffit de cliquer. Elles sont au format PDF.<\/p>\n<p>Pour les plus anciennes : elles se trouvent dans les archives de danses.<\/p>\n<p>Nous nous tenons \u00e0 votre disposition pour les comptes de l&rsquo;association.<\/p>\n<p>Nous organisons un bal Chaque ann\u00e9e dans la salle de la ferme de Boissy Saint L\u00e9ger.<\/p>\n\n\n<p><\/p>\n","protected":false},"excerpt":{"rendered":"<p>Les cours de country ont lieu au centre a\u00e9r\u00e9 de Boissy Saint L\u00e9ger : 154 rue de Marolles Boissy Saint l\u00e9ger tous les lundis de 19H \u00e0 21H30D\u00e9butants : 19h \u00e0 20h.Interm\u00e9diaires : 20H \u00e0 21H30 Les cours sont enseign\u00e9s<span class=\"ellipsis\">&hellip;<\/span><\/p>\n<div class=\"read-more\"><a href=\"https:\/\/www.espacedanseboissy.fr\/blog\/?page_id=158\">Lire la suite &#8250;<\/a><\/div>\n<p><!-- end of .read-more --><\/p>\n","protected":false},"author":3,"featured_media":0,"parent":0,"menu_order":0,"comment_status":"open","ping_status":"open","template":"","meta":[],"_links":{"self":[{"href":"https:\/\/www.espacedanseboissy.fr\/blog\/index.php?rest_route=\/wp\/v2\/pages\/158"}],"collection":[{"href":"https:\/\/www.espacedanseboissy.fr\/blog\/index.php?rest_route=\/wp\/v2\/pages"}],"about":[{"href":"https:\/\/www.espacedanseboissy.fr\/blog\/index.php?rest_route=\/wp\/v2\/types\/page"}],"author":[{"embeddable":true,"href":"https:\/\/www.espacedanseboissy.fr\/blog\/index.php?rest_route=\/wp\/v2\/users\/3"}],"replies":[{"embeddable":true,"href":"https:\/\/www.espacedanseboissy.fr\/blog\/index.php?rest_route=%2Fwp%2Fv2%2Fcomments&post=158"}],"version-history":[{"count":12,"href":"https:\/\/www.espacedanseboissy.fr\/blog\/index.php?rest_route=\/wp\/v2\/pages\/158\/revisions"}],"predecessor-version":[{"id":2383,"href":"https:\/\/www.espacedanseboissy.fr\/blog\/index.php?rest_route=\/wp\/v2\/pages\/158\/revisions\/2383"}],"wp:attachment":[{"href":"https:\/\/www.espacedanseboissy.fr\/blog\/index.php?rest_route=%2Fwp%2Fv2%2Fmedia&parent=158"}],"curies":[{"name":"wp","href":"https:\/\/api.w.org\/{rel}","templated":true}]}}